{"id":3,"date":"2022-07-06T08:41:20","date_gmt":"2022-07-06T08:41:20","guid":{"rendered":"http:\/\/l64.126.mywebsitetransfer.com\/?page_id=3"},"modified":"2023-02-21T11:42:17","modified_gmt":"2023-02-21T10:42:17","slug":"privacy-policy","status":"publish","type":"page","link":"https:\/\/agricolaombra.com\/en\/privacy-policy\/","title":{"rendered":"Privacy Policy"},"content":{"rendered":"<h1 class=\"p1\">Privacy<span class=\"Apple-converted-space\"> Policy<\/span><\/h1>\n<p class=\"p3\">Lo scopo del presente documento \u00e8 di informare la persona fisica (di seguito \u201cInteressato\u201d) relativamente al trattamento dei suoi dati personali (di seguito \u201cDati Personali\u201d) raccolti dal titolare del trattamento, Societ\u00e0 Agricola Ombra S.S., con sede legale in Podere La Casina 90, 56030 Lajatico (PI), indirizzo e-mail agricolaombra@gmail.com, (di seguito \u201cTitolare\u201d), tramite il sito web www.agricolaombra.com (di seguito \u201cApplicazione\u201d).<span class=\"Apple-converted-space\">\u00a0<\/span><\/p>\n<p class=\"p3\">Le modifiche e gli aggiornamenti saranno vincolanti non appena pubblicati sull\u2019Applicazione. In caso di mancata accettazione delle modifiche apportate all\u2019Informativa Privacy, l\u2019Interessato \u00e8 tenuto a cessare l\u2019utilizzo di questa Applicazione e pu\u00f2 richiedere al Titolare di cancellare i propri Dati Personali.<\/p>\n<h3><b>1. Categorie di Dati Personali trattati<\/b><\/h3>\n<p class=\"p4\">Il Titolare tratta le seguenti tipologie di Dati Personali forniti volontariamente dall\u2019Interessato:<\/p>\n<ul>\n<li>Dati di contatto: nome, cognome, indirizzo, e-mail, telefono, immagini, credenziali di autenticazione, eventuali ulteriori informazioni inviate dall&#8217;Interessato, etc.<span class=\"Apple-converted-space\">\u00a0<\/span><\/li>\n<\/ul>\n<p class=\"p4\">Il Titolare tratta le seguenti tipologie di Dati Personali raccolti in maniera automatizzata:<\/p>\n<ul>\n<li>Dati di navigazione e di utilizzo dell\u2019Applicazione: quali, ad esempio, pagine visitate, numero di clic, azioni compiute, durata delle sessioni, etc.<span class=\"Apple-converted-space\">\u00a0<\/span><\/li>\n<\/ul>\n<p class=\"p4\">Il mancato conferimento da parte dell\u2019Interessato dei Dati Personali per i quali sussiste l\u2019obbligo legale, contrattuale o qualora costituiscano requisito necessario per la conclusione del contratto con il Titolare, comporter\u00e0 l\u2019impossibilit\u00e0 del Titolare di instaurare o proseguire il rapporto con l\u2019Interessato.<\/p>\n<p class=\"p4\">L\u2019Interessato che comunichi al Titolare Dati Personali di terzi \u00e8 direttamente ed esclusivamente responsabile della loro provenienza, raccolta, trattamento, comunicazione o diffusione.<\/p>\n<h3><b>2. Cookie e tecnologie simili<\/b><\/h3>\n<p class=\"p4\">L&#8217;Applicazione usa cookie, web beacon, identificatori univoci e altre analoghe tecnologie per raccogliere Dati Personali dell\u2019Interessato sulle pagine, sui collegamenti visitati e sulle altre azioni che si eseguono quando l\u2019Interessato utilizza l\u2019Applicazione. Essi vengono memorizzati per essere poi trasmessi alla successiva visita dell&#8217;Interessato. Si pu\u00f2 prendere visione della Cookie Policy completa al seguente indirizzo: https:\/\/agricolaombra.com\/cookie-policy\/<\/p>\n<h3><b>3. Base giuridica e finalit\u00e0 del trattamento<\/b><\/h3>\n<p class=\"p4\">Il trattamento dei Dati Personali \u00e8 necessario:<\/p>\n<ul>\n<li>per l&#8217;esecuzione del contratto con l\u2019Interessato e precisamente:<span class=\"Apple-converted-space\">\u00a0<\/span>adempimento di ogni obbligo derivante dal rapporto precontrattuale o contrattuale con l\u2019Interessato<span class=\"Apple-converted-space\">\u00a0<\/span><\/li>\n<li>per obbligo di legge e precisamente:<span class=\"Apple-converted-space\">\u00a0<\/span>l\u2019adempimento di qualunque obbligo previsto dalle vigenti normative, leggi e regolamenti, in particolare, in materia tributaria e fiscale<span class=\"Apple-converted-space\">\u00a0<\/span><\/li>\n<li>sulla base del legittimo interesse del Titolare, per:<span class=\"Apple-converted-space\">\u00a0<\/span>finalit\u00e0 di marketing via email di prodotti e\/o servizi del titolare per vendere direttamente i prodotti o servizi del Titolare utilizzando l\u2019e-mail fornita dall\u2019Interessato nel contesto della vendita di un prodotto o servizio analogo a quello oggetto della vendita<span class=\"Apple-converted-space\">\u00a0<\/span><\/li>\n<\/ul>\n<ol>\n<li style=\"list-style-type: none;\"><\/li>\n<\/ol>\n<ol class=\"ol1\">\n<li style=\"list-style-type: none;\"><\/li>\n<\/ol>\n<ol class=\"ol1\">\n<li style=\"list-style-type: none;\"><\/li>\n<\/ol>\n<p class=\"p4\">I Dati Personali dell&#8217;Interessato possono inoltre essere utilizzati dal Titolare per tutelarsi in giudizio avanti le sedi giudiziarie competenti.<\/p>\n<h3><b>4. Modalit\u00e0 di trattamento e destinatari dei Dati Personali<\/b><\/h3>\n<p class=\"p4\">Il trattamento dei Dati Personali viene effettuato mediante strumenti cartacei e informatici con modalit\u00e0 organizzative e con logiche strettamente correlate alle finalit\u00e0 indicate e mediante l&#8217;adozione di adeguate misure di sicurezza.<\/p>\n<p class=\"p4\">I Dati Personali sono trattati esclusivamente da:<span class=\"Apple-converted-space\">\u00a0<\/span><\/p>\n<ul class=\"ul1\">\n<li class=\"li3\">persone autorizzate dal Titolare del trattamento dei Dati Personali che si sono impegnate alla riservatezza o abbiano un adeguato obbligo legale di riservatezza;<\/li>\n<li class=\"li3\">soggetti che operano in autonomia come distinti titolari del trattamento o da soggetti designati quali responsabili del trattamento dal Titolare al fine di svolgere tutte le attivit\u00e0 di trattamento necessarie a perseguire le finalit\u00e0 di cui alla presente informativa (ad esempio, partner commerciali, consulenti, societ\u00e0 informatiche, fornitori di servizi, hosting provider);<\/li>\n<li class=\"li3\">soggetti o enti a cui \u00e8 obbligatorio comunicare i Dati Personali per obbligo di legge o per ordine delle autorit\u00e0.<\/li>\n<\/ul>\n<p class=\"p4\">I soggetti sopra elencati sono tenuti a utilizzare le garanzie appropriate per proteggere i Dati Personali e possono accedere solo a quelli necessari per eseguire i compiti a loro assegnati.<\/p>\n<p class=\"p4\">I Dati Personali non verranno diffusi indiscriminatamente in alcun modo.<\/p>\n<h3><b>5. Luogo<\/b><\/h3>\n<p class=\"p4\">I Dati Personali non saranno oggetto di alcun trasferimento al di fuori del territorio dello Spazio Economico Europeo (SEE).<\/p>\n<h3><b>6. Periodo di conservazione dei Dati Personali<\/b><\/h3>\n<p class=\"p4\">I Dati Personali saranno conservati per il periodo di tempo necessario ad adempiere alle finalit\u00e0 per i quali sono stati raccolti, in particolare:<span class=\"Apple-converted-space\">\u00a0<\/span><\/p>\n<ul class=\"ul1\">\n<li class=\"li3\">per finalit\u00e0 relative all\u2019esecuzione del contratto tra il Titolare e l\u2019Interessato, saranno conservati per tutta la durata del rapporto contrattuale e, dopo la cessazione, per il periodo di prescrizione ordinario pari a 10 anni. Nel caso di contenzioso giudiziale, per tutta la durata dello stesso, fino all\u2019esaurimento dei termini di esperibilit\u00e0 delle azioni di impugnazione<\/li>\n<li class=\"li3\">per finalit\u00e0 relative al legittimo interesse del Titolare, saranno conservati fino al compimento di tale interesse<\/li>\n<li class=\"li3\">per l\u2019adempimento di un obbligo di legge, per ordine di un\u2019autorit\u00e0 e per la tutela in giudizio, saranno conservati nel rispetto delle tempistiche previste da detti obblighi, normative e comunque sino al compimento del termine prescrizionale previsto dalle norme in vigore<\/li>\n<li class=\"li3\">per finalit\u00e0 basate sul consenso dell\u2019Interessato, saranno conservati sino alla revoca del consenso<span class=\"Apple-converted-space\">\u00a0<\/span><\/li>\n<\/ul>\n<p class=\"p4\">Al termine del periodo di conservazione, tutti i Dati Personali saranno cancellati o conservati in una forma che non consenta l\u2019identificazione dell\u2019Interessato.<\/p>\n<h3><b>7. Diritti dell\u2019Interessato<\/b><\/h3>\n<p class=\"p4\">Gli Interessati possono esercitare determinati diritti con riferimento ai Dati Personali trattati dal Titolare. In particolare, l\u2019Interessato ha il diritto di:<\/p>\n<ul class=\"ul1\">\n<li class=\"li3\">essere informato sul trattamento dei propri Dati Personali<\/li>\n<li class=\"li3\">revocare il consenso in ogni momento<\/li>\n<li class=\"li3\">limitare il trattamento dei propri Dati Personali<\/li>\n<li class=\"li3\">opporsi al trattamento dei propri Dati Personali<\/li>\n<li class=\"li3\">accedere ai propri Dati Personali<\/li>\n<li class=\"li3\">verificare e chiedere la rettifica dei propri Dati Personali<\/li>\n<li class=\"li3\">ottenere la limitazione del trattamento dei propri Dati Personali<\/li>\n<li class=\"li3\">ottenere la cancellazione dei propri Dati Personali<\/li>\n<li class=\"li3\">trasferire i propri Dati Personali ad altro titolare<\/li>\n<li class=\"li3\">proporre reclamo all\u2019autorit\u00e0 di controllo della protezione dei propri Dati Personali e\/o agire in sede giudiziale.<\/li>\n<\/ul>\n<p class=\"p4\">Per esercitare i propri diritti, gli Interessati possono indirizzare una richiesta al seguente indirizzo e-mail agricolaombra@gmail.com. Le richieste saranno prese in carico dal Titolare immediatamente ed evase nel pi\u00f9 breve tempo possibile, in ogni caso entro 30 giorni.<span class=\"Apple-converted-space\">\u00a0<\/span><\/p>\n<p class=\"p4\">Ultimo aggiornamento: 01\/11\/2022<\/p>","protected":false},"excerpt":{"rendered":"<p>Privacy Policy Lo scopo del presente documento \u00e8 di informare la persona fisica (di seguito \u201cInteressato\u201d) relativamente al trattamento dei suoi dati personali (di seguito \u201cDati Personali\u201d) raccolti dal titolare del trattamento, Societ\u00e0 Agricola Ombra S.S., con sede legale in Podere La Casina 90, 56030 Lajatico (PI), indirizzo e-mail agricolaombra@gmail.com, (di seguito \u201cTitolare\u201d), tramite il&hellip;&nbsp;<a href=\"https:\/\/agricolaombra.com\/en\/privacy-policy\/\" class=\"\" rel=\"bookmark\">Read More &raquo;<span class=\"screen-reader-text\">Privacy Policy<\/span><\/a><\/p>","protected":false},"author":1,"featured_media":0,"parent":0,"menu_order":0,"comment_status":"closed","ping_status":"open","template":"","meta":{"neve_meta_sidebar":"","neve_meta_container":"","neve_meta_enable_content_width":"off","neve_meta_content_width":100,"neve_meta_title_alignment":"","neve_meta_author_avatar":"","neve_post_elements_order":"","neve_meta_disable_header":"","neve_meta_disable_footer":"","neve_meta_disable_title":"","_themeisle_gutenberg_block_has_review":false,"footnotes":""},"class_list":["post-3","page","type-page","status-publish","hentry"],"yoast_head":"<!-- This site is optimized with the Yoast SEO plugin v25.2 - https:\/\/yoast.com\/wordpress\/plugins\/seo\/ -->\n<title>Privacy Policy - agricola ombra<\/title>\n<meta name=\"robots\" content=\"index, follow, max-snippet:-1, max-image-preview:large, max-video-preview:-1\" \/>\n<link rel=\"canonical\" href=\"https:\/\/agricolaombra.com\/en\/privacy-policy\/\" \/>\n<meta property=\"og:locale\" content=\"en_US\" \/>\n<meta property=\"og:type\" content=\"article\" \/>\n<meta property=\"og:title\" content=\"Privacy Policy - agricola ombra\" \/>\n<meta property=\"og:description\" content=\"Privacy Policy Lo scopo del presente documento \u00e8 di informare la persona fisica (di seguito \u201cInteressato\u201d) relativamente al trattamento dei suoi dati personali (di seguito \u201cDati Personali\u201d) raccolti dal titolare del trattamento, Societ\u00e0 Agricola Ombra S.S., con sede legale in Podere La Casina 90, 56030 Lajatico (PI), indirizzo e-mail agricolaombra@gmail.com, (di seguito \u201cTitolare\u201d), tramite il&hellip;&nbsp;Read More &raquo;Privacy Policy\" \/>\n<meta property=\"og:url\" content=\"https:\/\/agricolaombra.com\/en\/privacy-policy\/\" \/>\n<meta property=\"og:site_name\" content=\"agricola ombra\" \/>\n<meta property=\"article:modified_time\" content=\"2023-02-21T10:42:17+00:00\" \/>\n<meta name=\"twitter:card\" content=\"summary_large_image\" \/>\n<meta name=\"twitter:label1\" content=\"Est. reading time\" \/>\n\t<meta name=\"twitter:data1\" content=\"6 minutes\" \/>\n<script type=\"application\/ld+json\" class=\"yoast-schema-graph\">{\"@context\":\"https:\/\/schema.org\",\"@graph\":[{\"@type\":\"WebPage\",\"@id\":\"https:\/\/agricolaombra.com\/privacy-policy\/\",\"url\":\"https:\/\/agricolaombra.com\/privacy-policy\/\",\"name\":\"Privacy Policy - agricola ombra\",\"isPartOf\":{\"@id\":\"https:\/\/agricolaombra.com\/#website\"},\"datePublished\":\"2022-07-06T08:41:20+00:00\",\"dateModified\":\"2023-02-21T10:42:17+00:00\",\"breadcrumb\":{\"@id\":\"https:\/\/agricolaombra.com\/privacy-policy\/#breadcrumb\"},\"inLanguage\":\"en-US\",\"potentialAction\":[{\"@type\":\"ReadAction\",\"target\":[\"https:\/\/agricolaombra.com\/privacy-policy\/\"]}]},{\"@type\":\"BreadcrumbList\",\"@id\":\"https:\/\/agricolaombra.com\/privacy-policy\/#breadcrumb\",\"itemListElement\":[{\"@type\":\"ListItem\",\"position\":1,\"name\":\"agricola ombra\",\"item\":\"https:\/\/agricolaombra.com\/\"},{\"@type\":\"ListItem\",\"position\":2,\"name\":\"Privacy Policy\"}]},{\"@type\":\"WebSite\",\"@id\":\"https:\/\/agricolaombra.com\/#website\",\"url\":\"https:\/\/agricolaombra.com\/\",\"name\":\"agricola ombra\",\"description\":\"podere la casina lajatico\",\"potentialAction\":[{\"@type\":\"SearchAction\",\"target\":{\"@type\":\"EntryPoint\",\"urlTemplate\":\"https:\/\/agricolaombra.com\/?s={search_term_string}\"},\"query-input\":{\"@type\":\"PropertyValueSpecification\",\"valueRequired\":true,\"valueName\":\"search_term_string\"}}],\"inLanguage\":\"en-US\"}]}<\/script>\n<!-- \/ Yoast SEO plugin. -->","yoast_head_json":{"title":"Privacy Policy - agricola ombra","robots":{"index":"index","follow":"follow","max-snippet":"max-snippet:-1","max-image-preview":"max-image-preview:large","max-video-preview":"max-video-preview:-1"},"canonical":"https:\/\/agricolaombra.com\/en\/privacy-policy\/","og_locale":"en_US","og_type":"article","og_title":"Privacy Policy - agricola ombra","og_description":"Privacy Policy Lo scopo del presente documento \u00e8 di informare la persona fisica (di seguito \u201cInteressato\u201d) relativamente al trattamento dei suoi dati personali (di seguito \u201cDati Personali\u201d) raccolti dal titolare del trattamento, Societ\u00e0 Agricola Ombra S.S., con sede legale in Podere La Casina 90, 56030 Lajatico (PI), indirizzo e-mail agricolaombra@gmail.com, (di seguito \u201cTitolare\u201d), tramite il&hellip;&nbsp;Read More &raquo;Privacy Policy","og_url":"https:\/\/agricolaombra.com\/en\/privacy-policy\/","og_site_name":"agricola ombra","article_modified_time":"2023-02-21T10:42:17+00:00","twitter_card":"summary_large_image","twitter_misc":{"Est. reading time":"6 minutes"},"schema":{"@context":"https:\/\/schema.org","@graph":[{"@type":"WebPage","@id":"https:\/\/agricolaombra.com\/privacy-policy\/","url":"https:\/\/agricolaombra.com\/privacy-policy\/","name":"Privacy Policy - agricola ombra","isPartOf":{"@id":"https:\/\/agricolaombra.com\/#website"},"datePublished":"2022-07-06T08:41:20+00:00","dateModified":"2023-02-21T10:42:17+00:00","breadcrumb":{"@id":"https:\/\/agricolaombra.com\/privacy-policy\/#breadcrumb"},"inLanguage":"en-US","potentialAction":[{"@type":"ReadAction","target":["https:\/\/agricolaombra.com\/privacy-policy\/"]}]},{"@type":"BreadcrumbList","@id":"https:\/\/agricolaombra.com\/privacy-policy\/#breadcrumb","itemListElement":[{"@type":"ListItem","position":1,"name":"agricola ombra","item":"https:\/\/agricolaombra.com\/"},{"@type":"ListItem","position":2,"name":"Privacy Policy"}]},{"@type":"WebSite","@id":"https:\/\/agricolaombra.com\/#website","url":"https:\/\/agricolaombra.com\/","name":"agricola ombra","description":"podere la casina lajatico","potentialAction":[{"@type":"SearchAction","target":{"@type":"EntryPoint","urlTemplate":"https:\/\/agricolaombra.com\/?s={search_term_string}"},"query-input":{"@type":"PropertyValueSpecification","valueRequired":true,"valueName":"search_term_string"}}],"inLanguage":"en-US"}]}},"jetpack_shortlink":"https:\/\/wp.me\/Pe7mjI-3","jetpack_sharing_enabled":true,"_links":{"self":[{"href":"https:\/\/agricolaombra.com\/en\/wp-json\/wp\/v2\/pages\/3","targetHints":{"allow":["GET"]}}],"collection":[{"href":"https:\/\/agricolaombra.com\/en\/wp-json\/wp\/v2\/pages"}],"about":[{"href":"https:\/\/agricolaombra.com\/en\/wp-json\/wp\/v2\/types\/page"}],"author":[{"embeddable":true,"href":"https:\/\/agricolaombra.com\/en\/wp-json\/wp\/v2\/users\/1"}],"replies":[{"embeddable":true,"href":"https:\/\/agricolaombra.com\/en\/wp-json\/wp\/v2\/comments?post=3"}],"version-history":[{"count":4,"href":"https:\/\/agricolaombra.com\/en\/wp-json\/wp\/v2\/pages\/3\/revisions"}],"predecessor-version":[{"id":1011,"href":"https:\/\/agricolaombra.com\/en\/wp-json\/wp\/v2\/pages\/3\/revisions\/1011"}],"wp:attachment":[{"href":"https:\/\/agricolaombra.com\/en\/wp-json\/wp\/v2\/media?parent=3"}],"curies":[{"name":"wp","href":"https:\/\/api.w.org\/{rel}","templated":true}]}}